{"id":97,"date":"2024-02-08T14:38:12","date_gmt":"2024-02-08T13:38:12","guid":{"rendered":"https:\/\/www.math.u-szeged.hu\/amk2024\/?page_id=97"},"modified":"2024-05-22T10:08:50","modified_gmt":"2024-05-22T08:08:50","slug":"regisztracio","status":"publish","type":"page","link":"https:\/\/www.math.u-szeged.hu\/amk2024\/?page_id=97","title":{"rendered":"Regisztr\u00e1ci\u00f3"},"content":{"rendered":"\n<div class=\"wp-block-cover alignfull wp-duotone-rgb142593-rgb183183218-1\"><span aria-hidden=\"true\" class=\"wp-block-cover__background has-background-dim\"><\/span><img loading=\"lazy\" decoding=\"async\" width=\"2560\" height=\"1707\" class=\"wp-block-cover__image-background wp-image-291\" alt=\"\" src=\"https:\/\/www.math.u-szeged.hu\/amk2024\/wp-content\/uploads\/2024\/02\/pexels-rdne-stock-project-7648472-1-scaled.jpg\" style=\"object-position:50% 67%\" data-object-fit=\"cover\" data-object-position=\"50% 67%\" srcset=\"https:\/\/www.math.u-szeged.hu\/amk2024\/wp-content\/uploads\/2024\/02\/pexels-rdne-stock-project-7648472-1-scaled.jpg 2560w, https:\/\/www.math.u-szeged.hu\/amk2024\/wp-content\/uploads\/2024\/02\/pexels-rdne-stock-project-7648472-1-300x200.jpg 300w, https:\/\/www.math.u-szeged.hu\/amk2024\/wp-content\/uploads\/2024\/02\/pexels-rdne-stock-project-7648472-1-1024x683.jpg 1024w, https:\/\/www.math.u-szeged.hu\/amk2024\/wp-content\/uploads\/2024\/02\/pexels-rdne-stock-project-7648472-1-768x512.jpg 768w, https:\/\/www.math.u-szeged.hu\/amk2024\/wp-content\/uploads\/2024\/02\/pexels-rdne-stock-project-7648472-1-1536x1024.jpg 1536w, https:\/\/www.math.u-szeged.hu\/amk2024\/wp-content\/uploads\/2024\/02\/pexels-rdne-stock-project-7648472-1-2048x1365.jpg 2048w\" sizes=\"(max-width: 2560px) 100vw, 2560px\" \/><div class=\"wp-block-cover__inner-container is-layout-constrained wp-block-cover-is-layout-constrained\">\n<h2 class=\"wp-block-heading has-text-align-center has-x-large-font-size\">Regisztr\u00e1ci\u00f3<\/h2>\n<\/div><\/div>\n\n\n\n<div style=\"height:71px\" aria-hidden=\"true\" class=\"wp-block-spacer\"><\/div>\n\n\n\n<p class=\"has-text-align-center\" style=\"font-size:24px\"><s>A regisztr\u00e1ci\u00f3s fel\u00fclet v\u00e1rhat\u00f3an m\u00e1rcius 10-\u00e9n ny\u00edlik, \u00e9s m\u00e1jus 10-\u00e9n z\u00e1rul.<\/s><\/p>\n\n\n\n<p class=\"has-text-align-center\" style=\"font-size:26px\">A regisztr\u00e1ci\u00f3s hat\u00e1rid\u0151 m\u00e1jus 20-\u00e1n lez\u00e1rult.<\/p>\n\n\n\n<div class=\"wp-block-buttons is-content-justification-center is-layout-flex wp-container-core-buttons-is-layout-1 wp-block-buttons-is-layout-flex\" style=\"font-style:normal;font-weight:600;text-transform:uppercase\">\n<div class=\"wp-block-button has-custom-width wp-block-button__width-75\" style=\"line-height:2\"><a class=\"wp-block-button__link has-text-align-center wp-element-button\" href=\"https:\/\/regio10.hu\/fooldal\/rendezvenyeink\/?add-to-cart=13746\"><strong>Regisztr\u00e1ci\u00f3<\/strong><\/a><\/div>\n<\/div>\n\n\n\n<div style=\"height:58px\" aria-hidden=\"true\" class=\"wp-block-spacer\"><\/div>\n\n\n\n<div class=\"wp-block-group has-ast-global-color-7-background-color has-background is-layout-constrained wp-block-group-is-layout-constrained\">\n<p style=\"font-size:24px\">Teljes regisztr\u00e1ci\u00f3s d\u00edj \u00f6sszege:  75 000 Ft<\/p>\n\n\n\n<p style=\"line-height:1.5\"><\/p>\n\n\n\n<div style=\"height:21px\" aria-hidden=\"true\" class=\"wp-block-spacer\"><\/div>\n\n\n\n<p style=\"font-size:24px\">Kedvezm\u00e9nyes regisztr\u00e1ci\u00f3s d\u00edj (&#8222;early bird&#8221;, <strong>\u00e1prilis 20-ig<\/strong>):  65 000 Ft.<\/p>\n\n\n\n<p style=\"font-size:24px\">Hallgat\u00f3i kedvezm\u00e9nnyel (BSc\/MSc\/doktorandusz):  55 000 Ft<\/p>\n\n\n\n<p style=\"font-size:24px\">Egynapos regisztr\u00e1ci\u00f3ra is lesz lehet\u0151s\u00e9g: H\u00e9tf\u0151 35 000 Ft, Kedd 35 000 Ft, Szerda 25 000 Ft.<\/p>\n<\/div>\n\n\n\n<p><\/p>\n\n\n\n<div style=\"height:100px\" aria-hidden=\"true\" class=\"wp-block-spacer\"><\/div>\n","protected":false},"excerpt":{"rendered":"<p>A regisztr\u00e1ci\u00f3s fel\u00fclet v\u00e1rhat\u00f3an m\u00e1rcius 10-\u00e9n ny\u00edlik, \u00e9s m\u00e1jus 10-\u00e9n z\u00e1rul. A regisztr\u00e1ci\u00f3s hat\u00e1rid\u0151 m\u00e1jus 20-\u00e1n lez\u00e1rult. Teljes regisztr\u00e1ci\u00f3s d\u00edj [&hellip;]<\/p>\n","protected":false},"author":1,"featured_media":0,"parent":0,"menu_order":0,"comment_status":"closed","ping_status":"closed","template":"","meta":{"site-sidebar-layout":"default","site-content-layout":"","ast-site-content-layout":"","site-content-style":"default","site-sidebar-style":"default","ast-global-header-display":"","ast-banner-title-visibility":"","ast-main-header-display":"","ast-hfb-above-header-display":"","ast-hfb-below-header-display":"","ast-hfb-mobile-header-display":"","site-post-title":"disabled","ast-breadcrumbs-content":"","ast-featured-img":"","footer-sml-layout":"","theme-transparent-header-meta":"","adv-header-id-meta":"","stick-header-meta":"","header-above-stick-meta":"","header-main-stick-meta":"","header-below-stick-meta":"","astra-migrate-meta-layouts":"default","ast-page-background-enabled":"default","ast-page-background-meta":{"desktop":{"background-color":"var(--ast-global-color-4)","background-image":"","background-repeat":"repeat","background-position":"center center","background-size":"auto","background-attachment":"scroll","background-type":"","background-media":"","overlay-type":"","overlay-color":"","overlay-gradient":""},"tablet":{"background-color":"","background-image":"","background-repeat":"repeat","background-position":"center center","background-size":"auto","background-attachment":"scroll","background-type":"","background-media":"","overlay-type":"","overlay-color":"","overlay-gradient":""},"mobile":{"background-color":"","background-image":"","background-repeat":"repeat","background-position":"center center","background-size":"auto","background-attachment":"scroll","background-type":"","background-media":"","overlay-type":"","overlay-color":"","overlay-gradient":""}},"ast-content-background-meta":{"desktop":{"background-color":"var(--ast-global-color-5)","background-image":"","background-repeat":"repeat","background-position":"center center","background-size":"auto","background-attachment":"scroll","background-type":"","background-media":"","overlay-type":"","overlay-color":"","overlay-gradient":""},"tablet":{"background-color":"var(--ast-global-color-5)","background-image":"","background-repeat":"repeat","background-position":"center center","background-size":"auto","background-attachment":"scroll","background-type":"","background-media":"","overlay-type":"","overlay-color":"","overlay-gradient":""},"mobile":{"background-color":"var(--ast-global-color-5)","background-image":"","background-repeat":"repeat","background-position":"center center","background-size":"auto","background-attachment":"scroll","background-type":"","background-media":"","overlay-type":"","overlay-color":"","overlay-gradient":""}},"footnotes":""},"_links":{"self":[{"href":"https:\/\/www.math.u-szeged.hu\/amk2024\/index.php?rest_route=\/wp\/v2\/pages\/97"}],"collection":[{"href":"https:\/\/www.math.u-szeged.hu\/amk2024\/index.php?rest_route=\/wp\/v2\/pages"}],"about":[{"href":"https:\/\/www.math.u-szeged.hu\/amk2024\/index.php?rest_route=\/wp\/v2\/types\/page"}],"author":[{"embeddable":true,"href":"https:\/\/www.math.u-szeged.hu\/amk2024\/index.php?rest_route=\/wp\/v2\/users\/1"}],"replies":[{"embeddable":true,"href":"https:\/\/www.math.u-szeged.hu\/amk2024\/index.php?rest_route=%2Fwp%2Fv2%2Fcomments&post=97"}],"version-history":[{"count":27,"href":"https:\/\/www.math.u-szeged.hu\/amk2024\/index.php?rest_route=\/wp\/v2\/pages\/97\/revisions"}],"predecessor-version":[{"id":626,"href":"https:\/\/www.math.u-szeged.hu\/amk2024\/index.php?rest_route=\/wp\/v2\/pages\/97\/revisions\/626"}],"wp:attachment":[{"href":"https:\/\/www.math.u-szeged.hu\/amk2024\/index.php?rest_route=%2Fwp%2Fv2%2Fmedia&parent=97"}],"curies":[{"name":"wp","href":"https:\/\/api.w.org\/{rel}","templated":true}]}}